{"id":308,"date":"2020-01-13T11:17:52","date_gmt":"2020-01-13T10:17:52","guid":{"rendered":"https:\/\/demosites.io\/web-agency-gb\/?page_id=5"},"modified":"2025-04-27T09:42:53","modified_gmt":"2025-04-27T07:42:53","slug":"15c42-web-agency-gb-home","status":"publish","type":"page","link":"http:\/\/www.lamisericorde.com\/","title":{"rendered":"Donateur"},"content":{"rendered":"\n<div class=\"wp-block-cover alignfull is-light\" style=\"min-height:536px;aspect-ratio:unset;\"><img loading=\"lazy\" decoding=\"async\" width=\"1920\" height=\"1080\" class=\"wp-block-cover__image-background wp-image-557\" alt=\"\" src=\"http:\/\/esfvqqd.cluster027.hosting.ovh.net\/wp-content\/uploads\/2023\/12\/15550043.jpg\" style=\"object-position:60% 95%\" data-object-fit=\"cover\" data-object-position=\"60% 95%\" srcset=\"http:\/\/www.lamisericorde.com\/wp-content\/uploads\/2023\/12\/15550043.jpg 1920w, http:\/\/www.lamisericorde.com\/wp-content\/uploads\/2023\/12\/15550043-300x169.jpg 300w, http:\/\/www.lamisericorde.com\/wp-content\/uploads\/2023\/12\/15550043-1024x576.jpg 1024w, http:\/\/www.lamisericorde.com\/wp-content\/uploads\/2023\/12\/15550043-768x432.jpg 768w, http:\/\/www.lamisericorde.com\/wp-content\/uploads\/2023\/12\/15550043-1536x864.jpg 1536w\" sizes=\"auto, (max-width: 1920px) 100vw, 1920px\" \/><span aria-hidden=\"true\" class=\"wp-block-cover__background has-background-dim-10 has-background-dim\"><\/span><div class=\"wp-block-cover__inner-container is-layout-flow wp-block-cover-is-layout-flow\">\n<p><\/p>\n\n\n\n<h1 class=\"wp-block-heading has-text-align-center has-nv-site-bg-color has-text-color\" style=\"font-size:45px;text-transform:none\">La mis\u00e9ricorde, c&rsquo;est l&rsquo;affaire de tous<\/h1>\n\n\n\n<p class=\"has-text-align-center has-nv-site-bg-color has-nv-c-1-background-color has-text-color has-background has-medium-font-size\">Cette ann\u00e9e, faites un don pour ceux qui sont dans le besoin. <\/p>\n\n\n\n<div class=\"wp-block-button aligncenter\"><a class=\"wp-block-button__link has-nv-c-1-color has-custom-1-background-color has-text-color has-background wp-element-button\" href=\"http:\/\/www.lamisericorde.com\/index.php\/15c42-web-agency-gb-contact-us\/\">FAITES UN DON EN CLIQUANT ICI<\/a><\/div>\n\n\n\n<p><\/p>\n\n\n\n<p><\/p>\n\n\n\n<p><\/p>\n<\/div><\/div>\n\n\n\n<p><\/p>\n\n\n\n<p><\/p>\n\n\n\n<div class=\"wp-block-columns are-vertically-aligned-bottom is-layout-flex wp-container-core-columns-is-layout-9d6595d7 wp-block-columns-is-layout-flex\">\n<div class=\"wp-block-column is-vertically-aligned-bottom is-layout-flow wp-block-column-is-layout-flow\">\n<h3 class=\"wp-block-heading alignfull has-text-align-center has-text-color\" style=\"color:#085e5d\"><strong>Aimer et aider son prochain<\/strong><\/h3>\n\n\n\n<p class=\"has-text-align-center\">Nous ne pouvons pas ignorer ce que notre voisin peut vivre ou ressentir. C&rsquo;est pourquoi, nous avons mis en place des actions afin de nous tourner vers les autres.       <\/p>\n<\/div>\n\n\n\n<div class=\"wp-block-column is-layout-flow wp-block-column-is-layout-flow\">\n<h3 class=\"wp-block-heading alignfull has-text-align-center has-text-color\" style=\"color:#085e5d\"><strong>Donner de son temps<\/strong><\/h3>\n\n\n\n<p class=\"has-text-align-center\">Ce n&rsquo;est pas toujours facile d&rsquo;aider les autres, parce que nous ne savons pas que faire exactement. L&rsquo;asbl \u00ab\u00a0La mis\u00e9ricorde\u00a0\u00bb par l&rsquo;interm\u00e9diaire de ses partenaires est l\u00e0 pour vous aider.<\/p>\n\n\n\n<div style=\"height:20px\" aria-hidden=\"true\" class=\"wp-block-spacer\"><\/div>\n<\/div>\n\n\n\n<div class=\"wp-block-column is-layout-flow wp-block-column-is-layout-flow\">\n<h3 class=\"wp-block-heading alignfull has-text-align-center has-text-color\" style=\"color:#085e5d\"><strong>Au-del\u00e0 des fronti\u00e8res<\/strong><\/h3>\n\n\n\n<p class=\"has-text-align-center\">Si vous voulez aider les autres, vous pouvez le faire aussi pour ceux qui sont en R\u00e9publique d\u00e9mocratique du Congo, gr\u00e2ce \u00e0 vos dons pour le Centre hospitalier \u00ab\u00a0La Mis\u00e9ricorde\u00a0\u00bb.<\/p>\n\n\n\n<div style=\"height:20px\" aria-hidden=\"true\" class=\"wp-block-spacer\"><\/div>\n<\/div>\n<\/div>\n\n\n\n<div class=\"wp-block-group\"><div class=\"wp-block-group__inner-container is-layout-flow wp-block-group-is-layout-flow\">\n<div class=\"wp-block-columns is-layout-flex wp-container-core-columns-is-layout-9d6595d7 wp-block-columns-is-layout-flex\">\n<div class=\"wp-block-column is-layout-flow wp-block-column-is-layout-flow\" style=\"flex-basis:66.66%\">\n<h3 class=\"wp-block-heading\">D\u00e9couvrez en images les travaux r\u00e9alis\u00e9s au centre hospitalier \u00ab\u00a0La Mis\u00e9ricorde\u00a0\u00bb \u00e0 Kinkol\u00e9 (RDC)<\/h3>\n<\/div>\n\n\n\n<div class=\"wp-block-column is-layout-flow wp-block-column-is-layout-flow\" style=\"flex-basis:33.33%\">\n<div class=\"wp-block-buttons is-content-justification-right is-layout-flex wp-container-core-buttons-is-layout-765c4724 wp-block-buttons-is-layout-flex\">\n<div class=\"wp-block-button is-style-primary\"><a class=\"wp-block-button__link has-custom-1-color has-nv-c-1-background-color has-text-color has-background has-link-color wp-element-button\" href=\"https:\/\/www.youtube.com\/playlist?list=PLVToSmkk1n05On2v6JV7uqy4a2ZXPP5D_\" target=\"_blank\" rel=\"noreferrer noopener\">Toutes les vid\u00e9os<\/a><\/div>\n<\/div>\n<\/div>\n<\/div>\n\n\n\n<figure class=\"wp-block-gallery has-nested-images columns-4 is-cropped wp-block-gallery-1 is-layout-flex wp-block-gallery-is-layout-flex\">\n<figure class=\"wp-block-image size-large\"><img loading=\"lazy\" decoding=\"async\" width=\"768\" height=\"1024\" data-id=\"571\" src=\"http:\/\/www.lamisericorde.com\/wp-content\/uploads\/2024\/03\/whatsapp-image-2022-02-13-at-07.30.50-4-1-768x1024.webp\" alt=\"\" class=\"wp-image-571\" srcset=\"http:\/\/www.lamisericorde.com\/wp-content\/uploads\/2024\/03\/whatsapp-image-2022-02-13-at-07.30.50-4-1-768x1024.webp 768w, http:\/\/www.lamisericorde.com\/wp-content\/uploads\/2024\/03\/whatsapp-image-2022-02-13-at-07.30.50-4-1-225x300.webp 225w, http:\/\/www.lamisericorde.com\/wp-content\/uploads\/2024\/03\/whatsapp-image-2022-02-13-at-07.30.50-4-1-1152x1536.webp 1152w, http:\/\/www.lamisericorde.com\/wp-content\/uploads\/2024\/03\/whatsapp-image-2022-02-13-at-07.30.50-4-1-9x12.webp 9w, http:\/\/www.lamisericorde.com\/wp-content\/uploads\/2024\/03\/whatsapp-image-2022-02-13-at-07.30.50-4-1.webp 1200w\" sizes=\"auto, (max-width: 768px) 100vw, 768px\" \/><figcaption class=\"wp-element-caption\">Centre hospitalier \u00ab\u00a0La Mis\u00e9ricorde\u00a0\u00bb 2022<\/figcaption><\/figure>\n\n\n\n<figure class=\"wp-block-image size-full\"><img loading=\"lazy\" decoding=\"async\" width=\"1024\" height=\"576\" data-id=\"572\" src=\"http:\/\/www.lamisericorde.com\/wp-content\/uploads\/2024\/03\/pavillons.webp\" alt=\"\" class=\"wp-image-572\" srcset=\"http:\/\/www.lamisericorde.com\/wp-content\/uploads\/2024\/03\/pavillons.webp 1024w, http:\/\/www.lamisericorde.com\/wp-content\/uploads\/2024\/03\/pavillons-300x169.webp 300w, http:\/\/www.lamisericorde.com\/wp-content\/uploads\/2024\/03\/pavillons-768x432.webp 768w, http:\/\/www.lamisericorde.com\/wp-content\/uploads\/2024\/03\/pavillons-18x10.webp 18w\" sizes=\"auto, (max-width: 1024px) 100vw, 1024px\" \/><figcaption class=\"wp-element-caption\">Centre hospitalier \u00ab\u00a0LaMis\u00e9ricorde\u00a0\u00bb 2023<\/figcaption><\/figure>\n\n\n\n<figure class=\"wp-block-image size-large\"><img loading=\"lazy\" decoding=\"async\" width=\"1024\" height=\"683\" data-id=\"574\" src=\"http:\/\/www.lamisericorde.com\/wp-content\/uploads\/2024\/03\/DSC_9019-1024x683.jpg\" alt=\"\" class=\"wp-image-574\" srcset=\"http:\/\/www.lamisericorde.com\/wp-content\/uploads\/2024\/03\/DSC_9019-1024x683.jpg 1024w, http:\/\/www.lamisericorde.com\/wp-content\/uploads\/2024\/03\/DSC_9019-300x200.jpg 300w, http:\/\/www.lamisericorde.com\/wp-content\/uploads\/2024\/03\/DSC_9019-768x513.jpg 768w, http:\/\/www.lamisericorde.com\/wp-content\/uploads\/2024\/03\/DSC_9019-1536x1025.jpg 1536w, http:\/\/www.lamisericorde.com\/wp-content\/uploads\/2024\/03\/DSC_9019-2048x1367.jpg 2048w, http:\/\/www.lamisericorde.com\/wp-content\/uploads\/2024\/03\/DSC_9019-18x12.jpg 18w, http:\/\/www.lamisericorde.com\/wp-content\/uploads\/2024\/03\/DSC_9019-930x620.jpg 930w\" sizes=\"auto, (max-width: 1024px) 100vw, 1024px\" \/><figcaption class=\"wp-element-caption\">Centre hospitalier \u00ab\u00a0La Mis\u00e9ricorde\u00a0\u00bb &#8211; projet unit\u00e9 m\u00e8re-enfant 2024<\/figcaption><\/figure>\n<\/figure>\n<\/div><\/div>\n","protected":false},"excerpt":{"rendered":"<p>Aimer et aider son prochain Nous ne pouvons pas ignorer ce que notre voisin peut vivre ou ressentir. C&rsquo;est pourquoi, nous avons mis en place des actions afin de nous tourner vers les autres. Donner de son temps Ce n&rsquo;est pas toujours facile d&rsquo;aider les autres, parce que nous ne savons pas que faire exactement.&hellip;&nbsp;<a href=\"http:\/\/www.lamisericorde.com\/\" class=\"\" rel=\"bookmark\">Lire la suite &raquo;<span class=\"screen-reader-text\">Donateur<\/span><\/a><\/p>\n","protected":false},"author":1,"featured_media":0,"parent":0,"menu_order":0,"comment_status":"closed","ping_status":"closed","template":"","meta":{"neve_meta_sidebar":"default","neve_meta_container":"default","neve_meta_enable_content_width":"on","neve_meta_content_width":100,"neve_meta_title_alignment":"","neve_meta_author_avatar":"","neve_post_elements_order":"","neve_meta_disable_header":"","neve_meta_disable_footer":"","neve_meta_disable_title":"on","_themeisle_gutenberg_block_has_review":false,"_ti_tpc_template_sync":false,"_ti_tpc_template_id":"5udqur826ojgsxrmsxsc","footnotes":""},"class_list":["post-308","page","type-page","status-publish","hentry"],"_links":{"self":[{"href":"http:\/\/www.lamisericorde.com\/index.php\/wp-json\/wp\/v2\/pages\/308","targetHints":{"allow":["GET"]}}],"collection":[{"href":"http:\/\/www.lamisericorde.com\/index.php\/wp-json\/wp\/v2\/pages"}],"about":[{"href":"http:\/\/www.lamisericorde.com\/index.php\/wp-json\/wp\/v2\/types\/page"}],"author":[{"embeddable":true,"href":"http:\/\/www.lamisericorde.com\/index.php\/wp-json\/wp\/v2\/users\/1"}],"replies":[{"embeddable":true,"href":"http:\/\/www.lamisericorde.com\/index.php\/wp-json\/wp\/v2\/comments?post=308"}],"version-history":[{"count":24,"href":"http:\/\/www.lamisericorde.com\/index.php\/wp-json\/wp\/v2\/pages\/308\/revisions"}],"predecessor-version":[{"id":591,"href":"http:\/\/www.lamisericorde.com\/index.php\/wp-json\/wp\/v2\/pages\/308\/revisions\/591"}],"wp:attachment":[{"href":"http:\/\/www.lamisericorde.com\/index.php\/wp-json\/wp\/v2\/media?parent=308"}],"curies":[{"name":"wp","href":"https:\/\/api.w.org\/{rel}","templated":true}]}}