{"id":61,"date":"2020-01-23T18:21:52","date_gmt":"2020-01-23T17:21:52","guid":{"rendered":"https:\/\/demosites.io\/web-agency-gb\/?page_id=61"},"modified":"2023-12-04T18:56:45","modified_gmt":"2023-12-04T17:56:45","slug":"15c42-web-agency-gb-about-us","status":"publish","type":"page","link":"http:\/\/www.lamisericorde.com\/index.php\/15c42-web-agency-gb-about-us\/","title":{"rendered":"Qui sommes-nous?"},"content":{"rendered":"\n<div class=\"wp-block-cover alignfull\" style=\"min-height:600px;aspect-ratio:unset;\"><span aria-hidden=\"true\" class=\"wp-block-cover__background has-nv-light-bg-background-color has-background-dim-100 has-background-dim\"><\/span><div class=\"wp-block-cover__inner-container is-layout-flow wp-block-cover-is-layout-flow\">\n<div class=\"wp-block-group\"><div class=\"wp-block-group__inner-container is-layout-flow wp-block-group-is-layout-flow\">\n<div style=\"height:80px\" aria-hidden=\"true\" class=\"wp-block-spacer\"><\/div>\n\n\n\n<div class=\"wp-block-columns are-vertically-aligned-center has-neve-text-color-color has-text-color is-layout-flex wp-container-core-columns-is-layout-9d6595d7 wp-block-columns-is-layout-flex\">\n<div class=\"wp-block-column is-vertically-aligned-center is-layout-flow wp-block-column-is-layout-flow\" style=\"flex-basis:50%\">\n<figure class=\"wp-block-image size-large is-resized\"><img loading=\"lazy\" decoding=\"async\" width=\"1024\" height=\"732\" src=\"http:\/\/esfvqqd.cluster027.hosting.ovh.net\/wp-content\/uploads\/2023\/03\/pexels-rfstudio-3811082-1024x732.jpg\" alt=\"\" class=\"wp-image-363\" style=\"width:566px;height:405px\" srcset=\"http:\/\/www.lamisericorde.com\/wp-content\/uploads\/2023\/03\/pexels-rfstudio-3811082-1024x732.jpg 1024w, http:\/\/www.lamisericorde.com\/wp-content\/uploads\/2023\/03\/pexels-rfstudio-3811082-300x214.jpg 300w, http:\/\/www.lamisericorde.com\/wp-content\/uploads\/2023\/03\/pexels-rfstudio-3811082-768x549.jpg 768w, http:\/\/www.lamisericorde.com\/wp-content\/uploads\/2023\/03\/pexels-rfstudio-3811082-1536x1097.jpg 1536w, http:\/\/www.lamisericorde.com\/wp-content\/uploads\/2023\/03\/pexels-rfstudio-3811082-2048x1463.jpg 2048w\" sizes=\"auto, (max-width: 1024px) 100vw, 1024px\" \/><\/figure>\n<\/div>\n\n\n\n<div class=\"wp-block-column is-vertically-aligned-center is-layout-flow wp-block-column-is-layout-flow\" style=\"flex-basis:50%\">\n<h2 class=\"wp-block-heading has-neve-text-color-color has-text-color\">Qui sommes-nous?<\/h2>\n\n\n\n<p>Nous sommes une association sans but lucratif dont l\u2019objectif est de promouvoir et de favoriser la solidarit\u00e9 et l\u2019exercice de la mis\u00e9ricorde par des actes concrets.<\/p>\n\n\n\n<p>Nous&nbsp; faisons la promotion de&nbsp;la solidarit\u00e9 qui doit lier les pays du Nord et du Sud, dans un souci de favoriser le d\u00e9veloppement int\u00e9grale au profit de la population en promouvant la sant\u00e9, le respect de la vie humaine, le droit de la femme et de l\u2019enfant ainsi que la jeunesse.<\/p>\n\n\n\n<p>Nous faisons d\u2019une mani\u00e8re plus g\u00e9n\u00e9rale la promotion de l\u2019exercice de la mis\u00e9ricorde envers toute personne en \u00e9tat de fragilit\u00e9 ou dans le besoin&nbsp;: l\u2019\u00eatre humain \u00e9tant au centre de nos pr\u00e9occupations.<\/p>\n\n\n\n<p>Nous entretenons des relations de collaboration avec des associations et organismes tant nationaux qu\u2019internationaux qui militent pour les m\u00eames objectifs.<\/p>\n<\/div>\n<\/div>\n<\/div><\/div>\n<\/div><\/div>\n\n\n\n<div class=\"wp-block-group alignwide has-background\" style=\"background-color:#f8f4e4\"><div class=\"wp-block-group__inner-container is-layout-flow wp-block-group-is-layout-flow\">\n<div class=\"wp-block-columns alignwide is-layout-flex wp-container-core-columns-is-layout-9d6595d7 wp-block-columns-is-layout-flex\">\n<div class=\"wp-block-column is-layout-flow wp-block-column-is-layout-flow\">\n<p><\/p>\n\n\n\n<p class=\"has-text-color\" style=\"color:#000000;font-size:3vw;line-height:1.1\"><strong>\u00ab\u00a0L&rsquo;\u00eatre humain au centre de nos pr\u00e9occupations\u00a0\u00bb.<\/strong><\/p>\n\n\n\n<div style=\"height:5px\" aria-hidden=\"true\" class=\"wp-block-spacer\"><\/div>\n<\/div>\n<\/div>\n\n\n\n<div class=\"wp-block-columns alignwide is-layout-flex wp-container-core-columns-is-layout-9d6595d7 wp-block-columns-is-layout-flex\">\n<div class=\"wp-block-column is-layout-flow wp-block-column-is-layout-flow\" style=\"flex-basis:33.38%\">\n<p>Ces derni\u00e8res ann\u00e9es, sans exclusivit\u00e9, nous avons d\u00e9velopp\u00e9 dans le cadre de nos collaborations un partenariat avec&nbsp;:<\/p>\n\n\n\n<p>Le Centre Hospitalier&nbsp; \u00ab&nbsp;La Mis\u00e9ricorde&nbsp;\u00bb&nbsp;(situ\u00e9 \u00e0 Kinshasa en&nbsp; R\u00e9publique d\u00e9mocratique du Congo, dans la commune de la N\u2019sele, agglom\u00e9ration de Kinkole), dans le domaine de la sant\u00e9.<\/p>\n<\/div>\n\n\n\n<div class=\"wp-block-column is-layout-flow wp-block-column-is-layout-flow\" style=\"flex-basis:33%\">\n<div style=\"height:100px\" aria-hidden=\"true\" class=\"wp-block-spacer\"><\/div>\n\n\n\n<figure class=\"wp-block-image size-large is-resized\"><img loading=\"lazy\" decoding=\"async\" width=\"683\" height=\"1024\" src=\"http:\/\/esfvqqd.cluster027.hosting.ovh.net\/wp-content\/uploads\/2023\/03\/pexels-uriel-mont-6315184-683x1024.jpg\" alt=\"\" class=\"wp-image-366\" style=\"width:270px;height:auto\" srcset=\"http:\/\/www.lamisericorde.com\/wp-content\/uploads\/2023\/03\/pexels-uriel-mont-6315184-683x1024.jpg 683w, http:\/\/www.lamisericorde.com\/wp-content\/uploads\/2023\/03\/pexels-uriel-mont-6315184-200x300.jpg 200w, http:\/\/www.lamisericorde.com\/wp-content\/uploads\/2023\/03\/pexels-uriel-mont-6315184-768x1152.jpg 768w, http:\/\/www.lamisericorde.com\/wp-content\/uploads\/2023\/03\/pexels-uriel-mont-6315184-1024x1536.jpg 1024w, http:\/\/www.lamisericorde.com\/wp-content\/uploads\/2023\/03\/pexels-uriel-mont-6315184-1365x2048.jpg 1365w, http:\/\/www.lamisericorde.com\/wp-content\/uploads\/2023\/03\/pexels-uriel-mont-6315184-scaled.jpg 1707w\" sizes=\"auto, (max-width: 683px) 100vw, 683px\" \/><\/figure>\n<\/div>\n\n\n\n<div class=\"wp-block-column is-layout-flow wp-block-column-is-layout-flow\" style=\"flex-basis:33.62%\">\n<figure class=\"wp-block-image size-large\"><img loading=\"lazy\" decoding=\"async\" width=\"683\" height=\"1024\" src=\"http:\/\/esfvqqd.cluster027.hosting.ovh.net\/wp-content\/uploads\/2023\/03\/pexels-marcus-aurelius-4064229-683x1024.jpg\" alt=\"\" class=\"wp-image-367\" srcset=\"http:\/\/www.lamisericorde.com\/wp-content\/uploads\/2023\/03\/pexels-marcus-aurelius-4064229-683x1024.jpg 683w, http:\/\/www.lamisericorde.com\/wp-content\/uploads\/2023\/03\/pexels-marcus-aurelius-4064229-200x300.jpg 200w, http:\/\/www.lamisericorde.com\/wp-content\/uploads\/2023\/03\/pexels-marcus-aurelius-4064229-768x1152.jpg 768w, http:\/\/www.lamisericorde.com\/wp-content\/uploads\/2023\/03\/pexels-marcus-aurelius-4064229-1024x1536.jpg 1024w, http:\/\/www.lamisericorde.com\/wp-content\/uploads\/2023\/03\/pexels-marcus-aurelius-4064229-1365x2048.jpg 1365w, http:\/\/www.lamisericorde.com\/wp-content\/uploads\/2023\/03\/pexels-marcus-aurelius-4064229-scaled.jpg 1706w\" sizes=\"auto, (max-width: 683px) 100vw, 683px\" \/><\/figure>\n<\/div>\n<\/div>\n\n\n\n<div class=\"wp-block-columns alignwide is-layout-flex wp-container-core-columns-is-layout-9d6595d7 wp-block-columns-is-layout-flex\">\n<div class=\"wp-block-column is-layout-flow wp-block-column-is-layout-flow\" style=\"flex-basis:67%\"><div class=\"wp-block-image\">\n<figure class=\"alignright size-large\"><img loading=\"lazy\" decoding=\"async\" width=\"1024\" height=\"683\" src=\"http:\/\/esfvqqd.cluster027.hosting.ovh.net\/wp-content\/uploads\/2023\/03\/pexels-kindel-media-7978518-1024x683.jpg\" alt=\"\" class=\"wp-image-368\" srcset=\"http:\/\/www.lamisericorde.com\/wp-content\/uploads\/2023\/03\/pexels-kindel-media-7978518-1024x683.jpg 1024w, http:\/\/www.lamisericorde.com\/wp-content\/uploads\/2023\/03\/pexels-kindel-media-7978518-300x200.jpg 300w, http:\/\/www.lamisericorde.com\/wp-content\/uploads\/2023\/03\/pexels-kindel-media-7978518-768x512.jpg 768w, http:\/\/www.lamisericorde.com\/wp-content\/uploads\/2023\/03\/pexels-kindel-media-7978518-1536x1024.jpg 1536w, http:\/\/www.lamisericorde.com\/wp-content\/uploads\/2023\/03\/pexels-kindel-media-7978518-2048x1365.jpg 2048w, http:\/\/www.lamisericorde.com\/wp-content\/uploads\/2023\/03\/pexels-kindel-media-7978518-930x620.jpg 930w\" sizes=\"auto, (max-width: 1024px) 100vw, 1024px\" \/><\/figure>\n<\/div><\/div>\n\n\n\n<div class=\"wp-block-column is-vertically-aligned-center is-layout-flow wp-block-column-is-layout-flow\" style=\"flex-basis:33%\">\n<p><\/p>\n\n\n\n<p>Le service social de notre partenaire l\u2019asbl La Nouvelle J\u00e9rusalem, par lequel nous souhaitons venir en aide \u00e0 notre prochain avec diff\u00e9rentes actions concr\u00e8tes.<\/p>\n\n\n\n<p>La banque alimentaire dont les locaux sont situ\u00e9s \u00e0 Bruxelles dans la commune de Molenbeek-saint-Jean,&nbsp; pour&nbsp; assister des personnes qui font face \u00e0 des besoins alimentaires.<\/p>\n<\/div>\n<\/div>\n<\/div><\/div>\n\n\n\n<div class=\"wp-block-cover alignfull\" style=\"min-height:600px;aspect-ratio:unset;\"><span aria-hidden=\"true\" class=\"wp-block-cover__background has-background-dim\" style=\"background-color:#085e5d\"><\/span><div class=\"wp-block-cover__inner-container is-layout-flow wp-block-cover-is-layout-flow\">\n<div class=\"wp-block-group\"><div class=\"wp-block-group__inner-container is-layout-flow wp-block-group-is-layout-flow\">\n<div class=\"wp-block-columns is-layout-flex wp-container-core-columns-is-layout-9d6595d7 wp-block-columns-is-layout-flex\">\n<div class=\"wp-block-column is-layout-flow wp-block-column-is-layout-flow\">\n<h3 class=\"wp-block-heading has-text-align-left has-text-color\" style=\"color:#085e5d\">Une aide pour la veuve             et \u00e0 l\u2019orphelin                  <\/h3>\n\n\n<div class=\"wp-block-image is-style-default\">\n<figure class=\"aligncenter size-large\"><img loading=\"lazy\" decoding=\"async\" width=\"1024\" height=\"819\" src=\"http:\/\/esfvqqd.cluster027.hosting.ovh.net\/wp-content\/uploads\/2023\/03\/pexels-pixabay-45842-1024x819.jpg\" alt=\"\" class=\"wp-image-369\" srcset=\"http:\/\/www.lamisericorde.com\/wp-content\/uploads\/2023\/03\/pexels-pixabay-45842-1024x819.jpg 1024w, http:\/\/www.lamisericorde.com\/wp-content\/uploads\/2023\/03\/pexels-pixabay-45842-300x240.jpg 300w, http:\/\/www.lamisericorde.com\/wp-content\/uploads\/2023\/03\/pexels-pixabay-45842-768x614.jpg 768w, http:\/\/www.lamisericorde.com\/wp-content\/uploads\/2023\/03\/pexels-pixabay-45842-1536x1229.jpg 1536w, http:\/\/www.lamisericorde.com\/wp-content\/uploads\/2023\/03\/pexels-pixabay-45842-2048x1638.jpg 2048w\" sizes=\"auto, (max-width: 1024px) 100vw, 1024px\" \/><\/figure>\n<\/div><\/div>\n\n\n\n<div class=\"wp-block-column is-layout-flow wp-block-column-is-layout-flow\">\n<h3 class=\"wp-block-heading has-text-align-left has-text-color\" style=\"color:#085e5d\">Pour l\u2019\u00e9tranger et les personnes sans-papiers<\/h3>\n\n\n<div class=\"wp-block-image is-style-default\">\n<figure class=\"aligncenter size-large is-resized\"><img loading=\"lazy\" decoding=\"async\" width=\"1024\" height=\"768\" src=\"http:\/\/esfvqqd.cluster027.hosting.ovh.net\/wp-content\/uploads\/2023\/03\/IMG-7946-1024x768.jpg\" alt=\"\" class=\"wp-image-370\" style=\"width:386px;height:290px\" srcset=\"http:\/\/www.lamisericorde.com\/wp-content\/uploads\/2023\/03\/IMG-7946-1024x768.jpg 1024w, http:\/\/www.lamisericorde.com\/wp-content\/uploads\/2023\/03\/IMG-7946-300x225.jpg 300w, http:\/\/www.lamisericorde.com\/wp-content\/uploads\/2023\/03\/IMG-7946-768x576.jpg 768w, http:\/\/www.lamisericorde.com\/wp-content\/uploads\/2023\/03\/IMG-7946-1536x1152.jpg 1536w, http:\/\/www.lamisericorde.com\/wp-content\/uploads\/2023\/03\/IMG-7946-2048x1536.jpg 2048w\" sizes=\"auto, (max-width: 1024px) 100vw, 1024px\" \/><\/figure>\n<\/div><\/div>\n\n\n\n<div class=\"wp-block-column is-layout-flow wp-block-column-is-layout-flow\">\n<h3 class=\"wp-block-heading has-text-align-left has-text-color\" style=\"color:#085e5d\">Pour les personnes \u00e0 mobilit\u00e9 r\u00e9duite<\/h3>\n\n\n<div class=\"wp-block-image is-style-default\">\n<figure class=\"aligncenter size-large is-resized\"><img loading=\"lazy\" decoding=\"async\" width=\"1024\" height=\"644\" src=\"http:\/\/esfvqqd.cluster027.hosting.ovh.net\/wp-content\/uploads\/2023\/03\/pexels-patrick-de-boeck-927690-1024x644.jpg\" alt=\"\" class=\"wp-image-371\" style=\"width:461px;height:289px\" srcset=\"http:\/\/www.lamisericorde.com\/wp-content\/uploads\/2023\/03\/pexels-patrick-de-boeck-927690-1024x644.jpg 1024w, http:\/\/www.lamisericorde.com\/wp-content\/uploads\/2023\/03\/pexels-patrick-de-boeck-927690-300x189.jpg 300w, http:\/\/www.lamisericorde.com\/wp-content\/uploads\/2023\/03\/pexels-patrick-de-boeck-927690-768x483.jpg 768w, http:\/\/www.lamisericorde.com\/wp-content\/uploads\/2023\/03\/pexels-patrick-de-boeck-927690-1536x967.jpg 1536w, http:\/\/www.lamisericorde.com\/wp-content\/uploads\/2023\/03\/pexels-patrick-de-boeck-927690-2048x1289.jpg 2048w\" sizes=\"auto, (max-width: 1024px) 100vw, 1024px\" \/><\/figure>\n<\/div><\/div>\n<\/div>\n<\/div><\/div>\n<\/div><\/div>\n\n\n\n<div class=\"wp-block-group has-text-color has-background\" style=\"color:#000000;background-color:#ffffff\"><div class=\"wp-block-group__inner-container is-layout-flow wp-block-group-is-layout-flow\">\n<div style=\"height:64px\" aria-hidden=\"true\" class=\"wp-block-spacer\"><\/div>\n\n\n\n<h2 class=\"wp-block-heading has-text-align-center\" id=\"schedule-a-visit\" style=\"font-size:59px;line-height:1.15\">Vous souhaitez contribuer?<\/h2>\n\n\n\n<div class=\"wp-block-buttons is-horizontal is-content-justification-center is-layout-flex wp-container-core-buttons-is-layout-499968f5 wp-block-buttons-is-layout-flex\">\n<div class=\"wp-block-button has-custom-width wp-block-button__width-50\"><a class=\"wp-block-button__link has-text-color has-background wp-element-button\" href=\"lamisericorde.com\/index.php\/15c42-web-agency-gb-contact-us\" style=\"border-radius:50px;color:#ffffff;background-color:#085e5d\">Contactez-nous<\/a><\/div>\n<\/div>\n<\/div><\/div>\n","protected":false},"excerpt":{"rendered":"<p>\u00ab\u00a0L&rsquo;\u00eatre humain au centre de nos pr\u00e9occupations\u00a0\u00bb. Ces derni\u00e8res ann\u00e9es, sans exclusivit\u00e9, nous avons d\u00e9velopp\u00e9 dans le cadre de nos collaborations un partenariat avec&nbsp;: Le Centre Hospitalier&nbsp; \u00ab&nbsp;La Mis\u00e9ricorde&nbsp;\u00bb&nbsp;(situ\u00e9 \u00e0 Kinshasa en&nbsp; R\u00e9publique d\u00e9mocratique du Congo, dans la commune de la N\u2019sele, agglom\u00e9ration de Kinkole), dans le domaine de la sant\u00e9. Le service social de&hellip;&nbsp;<a href=\"http:\/\/www.lamisericorde.com\/index.php\/15c42-web-agency-gb-about-us\/\" class=\"\" rel=\"bookmark\">Lire la suite &raquo;<span class=\"screen-reader-text\">Qui sommes-nous?<\/span><\/a><\/p>\n","protected":false},"author":1,"featured_media":0,"parent":0,"menu_order":0,"comment_status":"closed","ping_status":"closed","template":"","meta":{"neve_meta_sidebar":"default","neve_meta_container":"default","neve_meta_enable_content_width":"on","neve_meta_content_width":100,"neve_meta_title_alignment":"","neve_meta_author_avatar":"","neve_post_elements_order":"","neve_meta_disable_header":"","neve_meta_disable_footer":"","neve_meta_disable_title":"on","_themeisle_gutenberg_block_has_review":false,"_ti_tpc_template_sync":false,"_ti_tpc_template_id":"eex7gnweb2m8vo93cr1g","footnotes":""},"class_list":["post-61","page","type-page","status-publish","hentry"],"_links":{"self":[{"href":"http:\/\/www.lamisericorde.com\/index.php\/wp-json\/wp\/v2\/pages\/61","targetHints":{"allow":["GET"]}}],"collection":[{"href":"http:\/\/www.lamisericorde.com\/index.php\/wp-json\/wp\/v2\/pages"}],"about":[{"href":"http:\/\/www.lamisericorde.com\/index.php\/wp-json\/wp\/v2\/types\/page"}],"author":[{"embeddable":true,"href":"http:\/\/www.lamisericorde.com\/index.php\/wp-json\/wp\/v2\/users\/1"}],"replies":[{"embeddable":true,"href":"http:\/\/www.lamisericorde.com\/index.php\/wp-json\/wp\/v2\/comments?post=61"}],"version-history":[{"count":10,"href":"http:\/\/www.lamisericorde.com\/index.php\/wp-json\/wp\/v2\/pages\/61\/revisions"}],"predecessor-version":[{"id":563,"href":"http:\/\/www.lamisericorde.com\/index.php\/wp-json\/wp\/v2\/pages\/61\/revisions\/563"}],"wp:attachment":[{"href":"http:\/\/www.lamisericorde.com\/index.php\/wp-json\/wp\/v2\/media?parent=61"}],"curies":[{"name":"wp","href":"https:\/\/api.w.org\/{rel}","templated":true}]}}